{"id":1271,"date":"2025-10-12T18:43:50","date_gmt":"2025-10-12T17:43:50","guid":{"rendered":"https:\/\/coralform.org\/?page_id=1271"},"modified":"2025-10-13T19:25:24","modified_gmt":"2025-10-13T18:25:24","slug":"apoyanos","status":"publish","type":"page","link":"https:\/\/coralform.org\/index.php\/es\/apoyanos\/","title":{"rendered":"AP\u00d3YANOS"},"content":{"rendered":"\t\t<div data-elementor-type=\"wp-page\" data-elementor-id=\"1271\" class=\"elementor elementor-1271\">\n\t\t\t\t\t\t\t<div class=\"elementor-element elementor-element-82a877d e-flex e-con-boxed e-con e-parent\" data-id=\"82a877d\" data-element_type=\"container\" data-settings=\"{&quot;content_width&quot;:&quot;boxed&quot;}\" data-core-v316-plus=\"true\">\n\t\t\t\t\t<div class=\"e-con-inner\">\n\t\t<div class=\"elementor-element elementor-element-5ae86f2 e-con-full e-flex e-con e-child\" data-id=\"5ae86f2\" data-element_type=\"container\" data-settings=\"{&quot;background_background&quot;:&quot;classic&quot;,&quot;content_width&quot;:&quot;full&quot;}\">\n\t\t\t\t<div class=\"elementor-element elementor-element-afe062b elementor-widget elementor-widget-heading\" data-id=\"afe062b\" data-element_type=\"widget\" data-widget_type=\"heading.default\">\n\t\t\t\t<div class=\"elementor-widget-container\">\n\t\t\t<style>\/*! elementor - v3.16.0 - 13-09-2023 *\/\n.elementor-heading-title{padding:0;margin:0;line-height:1}.elementor-widget-heading .elementor-heading-title[class*=elementor-size-]>a{color:inherit;font-size:inherit;line-height:inherit}.elementor-widget-heading .elementor-heading-title.elementor-size-small{font-size:15px}.elementor-widget-heading .elementor-heading-title.elementor-size-medium{font-size:19px}.elementor-widget-heading .elementor-heading-title.elementor-size-large{font-size:29px}.elementor-widget-heading .elementor-heading-title.elementor-size-xl{font-size:39px}.elementor-widget-heading .elementor-heading-title.elementor-size-xxl{font-size:59px}<\/style><h2 class=\"elementor-heading-title elementor-size-default\"><a href=\"https:\/\/coralform.org\/index.php\/our-projects\/\">AP\u00d3YANOS<\/a><\/h2>\t\t<\/div>\n\t\t\t\t<\/div>\n\t\t\t\t<div class=\"elementor-element elementor-element-fd91d3e elementor-widget__width-initial elementor-widget-mobile__width-inherit elementor-widget elementor-widget-text-editor\" data-id=\"fd91d3e\" data-element_type=\"widget\" data-widget_type=\"text-editor.default\">\n\t\t\t\t<div class=\"elementor-widget-container\">\n\t\t\t<style>\/*! elementor - v3.16.0 - 13-09-2023 *\/\n.elementor-widget-text-editor.elementor-drop-cap-view-stacked .elementor-drop-cap{background-color:#69727d;color:#fff}.elementor-widget-text-editor.elementor-drop-cap-view-framed .elementor-drop-cap{color:#69727d;border:3px solid;background-color:transparent}.elementor-widget-text-editor:not(.elementor-drop-cap-view-default) .elementor-drop-cap{margin-top:8px}.elementor-widget-text-editor:not(.elementor-drop-cap-view-default) .elementor-drop-cap-letter{width:1em;height:1em}.elementor-widget-text-editor .elementor-drop-cap{float:left;text-align:center;line-height:1;font-size:50px}.elementor-widget-text-editor .elementor-drop-cap-letter{display:inline-block}<\/style>\t\t\t\t<p data-start=\"215\" data-end=\"441\"><strong data-start=\"215\" data-end=\"293\">Dona hoy y convi\u00e9rtete en parte de nuestra comunidad de amantes del oc\u00e9ano<\/strong>, dedicada a impulsar nuestras iniciativas: desde proyectos de restauraci\u00f3n de corales hasta programas de investigaci\u00f3n, divulgaci\u00f3n y conservaci\u00f3n.<\/p><p data-start=\"443\" data-end=\"562\"><strong data-start=\"443\" data-end=\"562\">Cada donaci\u00f3n que realizas contribuye directamente a nuestra misi\u00f3n de preservar y proteger los arrecifes de coral.<\/strong><\/p>\t\t\t\t\t\t<\/div>\n\t\t\t\t<\/div>\n\t\t\t\t<\/div>\n\t\t\t\t\t<\/div>\n\t\t\t\t<\/div>\n\t\t<div class=\"elementor-element elementor-element-c32acab e-flex e-con-boxed e-con e-parent\" data-id=\"c32acab\" data-element_type=\"container\" data-settings=\"{&quot;content_width&quot;:&quot;boxed&quot;}\" data-core-v316-plus=\"true\">\n\t\t\t\t\t<div class=\"e-con-inner\">\n\t\t<div class=\"elementor-element elementor-element-b17f41f e-flex e-con-boxed e-con e-child\" data-id=\"b17f41f\" data-element_type=\"container\" data-settings=\"{&quot;content_width&quot;:&quot;boxed&quot;}\">\n\t\t\t\t\t<div class=\"e-con-inner\">\n\t\t\t\t\t<\/div>\n\t\t\t\t<\/div>\n\t\t<div class=\"elementor-element elementor-element-9050138 e-flex e-con-boxed e-con e-child\" data-id=\"9050138\" data-element_type=\"container\" data-settings=\"{&quot;content_width&quot;:&quot;boxed&quot;}\">\n\t\t\t\t\t<div class=\"e-con-inner\">\n\t\t\t\t<div class=\"elementor-element elementor-element-9b0ff63 elementor-widget elementor-widget-Give_Donor_Wall\" data-id=\"9b0ff63\" data-element_type=\"widget\" data-widget_type=\"Give_Donor_Wall.default\">\n\t\t\t\t<div class=\"elementor-widget-container\">\n\t\t\t<div class=\"givewp-elementor-widget give-donor-wall-shortcode-wrap\">\n\t\t\t<div class=\"give-wrap give-grid-ie-utility\"><div class=\"give-grid give-grid--best-fit\">\n\n<div class=\"give-grid__item\">\n    <div class=\"give-donor give-card\">\n        <div class=\"give-donor-container\">\n            \n                           <div class='give-donor-container__image' style='height: 60px; width: 60px;'>\n                             <span class='give-donor-container__image__name_initial'>cm<\/span>\n                           <\/div>\n                                        <div class=\"give-donor-container-variation\"\n                     style=\"\n                            flex-direction: column;\n                            align-items:  center;\n                         \">\n                    \n                    \n                                            <p class=\"give-donor-container-variation__timestamp\">\n                            22 October 2025                        <\/p>\n                                    <\/div>\n                        <div class=\"give-donor-details\">\n                <div class=\"give-donor-details__wrapper\">\n                    <span class='give - donor - details__amount_donated'>Amount Donated<\/span>                <\/div>\n\n                \n                             <span class= 'give-donor-details__total' style='color: #219653'> &euro;5,00 <\/span>\n                                    <\/div>\n        <\/div>\n            <\/div>\n<\/div>\n\n\n<div class=\"give-grid__item\">\n    <div class=\"give-donor give-card\">\n        <div class=\"give-donor-container\">\n            \n                           <div class='give-donor-container__image' style='height: 60px; width: 60px;'>\n                             <span class='give-donor-container__image__name_initial'>lz<\/span>\n                           <\/div>\n                                        <div class=\"give-donor-container-variation\"\n                     style=\"\n                            flex-direction: column;\n                            align-items:  center;\n                         \">\n                    \n                    \n                                            <p class=\"give-donor-container-variation__timestamp\">\n                            22 October 2025                        <\/p>\n                                    <\/div>\n                        <div class=\"give-donor-details\">\n                <div class=\"give-donor-details__wrapper\">\n                    <span class='give - donor - details__amount_donated'>Amount Donated<\/span>                <\/div>\n\n                \n                             <span class= 'give-donor-details__total' style='color: #219653'> &euro;5,00 <\/span>\n                                    <\/div>\n        <\/div>\n            <\/div>\n<\/div>\n\n\n<div class=\"give-grid__item\">\n    <div class=\"give-donor give-card\">\n        <div class=\"give-donor-container\">\n            \n                           <div class='give-donor-container__image' style='height: 60px; width: 60px;'>\n                             <span class='give-donor-container__image__name_initial'>EB<\/span>\n                           <\/div>\n                                        <div class=\"give-donor-container-variation\"\n                     style=\"\n                            flex-direction: column;\n                            align-items:  center;\n                         \">\n                    \n                    \n                                            <p class=\"give-donor-container-variation__timestamp\">\n                            13 October 2025                        <\/p>\n                                    <\/div>\n                        <div class=\"give-donor-details\">\n                <div class=\"give-donor-details__wrapper\">\n                    <span class='give - donor - details__amount_donated'>Amount Donated<\/span>                <\/div>\n\n                \n                             <span class= 'give-donor-details__total' style='color: #219653'> &euro;10,00 <\/span>\n                                    <\/div>\n        <\/div>\n            <\/div>\n<\/div>\n\n\n<div class=\"give-grid__item\">\n    <div class=\"give-donor give-card\">\n        <div class=\"give-donor-container\">\n            \n                           <div class='give-donor-container__image' style='height: 60px; width: 60px;'>\n                             <span class='give-donor-container__image__name_initial'>G<\/span>\n                           <\/div>\n                                        <div class=\"give-donor-container-variation\"\n                     style=\"\n                            flex-direction: column;\n                            align-items:  center;\n                         \">\n                    \n                    \n                                            <p class=\"give-donor-container-variation__timestamp\">\n                            13 October 2025                        <\/p>\n                                    <\/div>\n                        <div class=\"give-donor-details\">\n                <div class=\"give-donor-details__wrapper\">\n                    <span class='give - donor - details__amount_donated'>Amount Donated<\/span>                <\/div>\n\n                \n                             <span class= 'give-donor-details__total' style='color: #219653'> &euro;10,00 <\/span>\n                                    <\/div>\n        <\/div>\n            <\/div>\n<\/div>\n\n\n<div class=\"give-grid__item\">\n    <div class=\"give-donor give-card\">\n        <div class=\"give-donor-container\">\n            \n                           <div class='give-donor-container__image' style='height: 60px; width: 60px;'>\n                             <span class='give-donor-container__image__name_initial'>bb<\/span>\n                           <\/div>\n                                        <div class=\"give-donor-container-variation\"\n                     style=\"\n                            flex-direction: column;\n                            align-items:  center;\n                         \">\n                    \n                    \n                                            <p class=\"give-donor-container-variation__timestamp\">\n                            13 October 2025                        <\/p>\n                                    <\/div>\n                        <div class=\"give-donor-details\">\n                <div class=\"give-donor-details__wrapper\">\n                    <span class='give - donor - details__amount_donated'>Amount Donated<\/span>                <\/div>\n\n                \n                             <span class= 'give-donor-details__total' style='color: #219653'> &euro;25,00 <\/span>\n                                    <\/div>\n        <\/div>\n            <\/div>\n<\/div>\n\n\n<div class=\"give-grid__item\">\n    <div class=\"give-donor give-card\">\n        <div class=\"give-donor-container\">\n            \n                           <div class='give-donor-container__image' style='height: 60px; width: 60px;'>\n                             <span class='give-donor-container__image__name_initial'>kd<\/span>\n                           <\/div>\n                                        <div class=\"give-donor-container-variation\"\n                     style=\"\n                            flex-direction: column;\n                            align-items:  center;\n                         \">\n                    \n                    \n                                            <p class=\"give-donor-container-variation__timestamp\">\n                            13 October 2025                        <\/p>\n                                    <\/div>\n                        <div class=\"give-donor-details\">\n                <div class=\"give-donor-details__wrapper\">\n                    <span class='give - donor - details__amount_donated'>Amount Donated<\/span>                <\/div>\n\n                \n                             <span class= 'give-donor-details__total' style='color: #219653'> &euro;300,00 <\/span>\n                                    <\/div>\n        <\/div>\n            <\/div>\n<\/div>\n\n\n<div class=\"give-grid__item\">\n    <div class=\"give-donor give-card\">\n        <div class=\"give-donor-container\">\n            \n                           <div class='give-donor-container__image' style='height: 60px; width: 60px;'>\n                             <span class='give-donor-container__image__name_initial'>su<\/span>\n                           <\/div>\n                                        <div class=\"give-donor-container-variation\"\n                     style=\"\n                            flex-direction: column;\n                            align-items:  center;\n                         \">\n                    \n                    \n                                            <p class=\"give-donor-container-variation__timestamp\">\n                            13 October 2025                        <\/p>\n                                    <\/div>\n                        <div class=\"give-donor-details\">\n                <div class=\"give-donor-details__wrapper\">\n                    <span class='give - donor - details__amount_donated'>Amount Donated<\/span>                <\/div>\n\n                \n                             <span class= 'give-donor-details__total' style='color: #219653'> &euro;25,00 <\/span>\n                                    <\/div>\n        <\/div>\n            <\/div>\n<\/div>\n\n\n<div class=\"give-grid__item\">\n    <div class=\"give-donor give-card\">\n        <div class=\"give-donor-container\">\n            \n                           <div class='give-donor-container__image' style='height: 60px; width: 60px;'>\n                             <span class='give-donor-container__image__name_initial'>MM<\/span>\n                           <\/div>\n                                        <div class=\"give-donor-container-variation\"\n                     style=\"\n                            flex-direction: column;\n                            align-items:  center;\n                         \">\n                    \n                    \n                                            <p class=\"give-donor-container-variation__timestamp\">\n                            12 October 2025                        <\/p>\n                                    <\/div>\n                        <div class=\"give-donor-details\">\n                <div class=\"give-donor-details__wrapper\">\n                    <span class='give - donor - details__amount_donated'>Amount Donated<\/span>                <\/div>\n\n                \n                             <span class= 'give-donor-details__total' style='color: #219653'> &euro;10,00 <\/span>\n                                    <\/div>\n        <\/div>\n            <\/div>\n<\/div>\n\n\n<div class=\"give-grid__item\">\n    <div class=\"give-donor give-card\">\n        <div class=\"give-donor-container\">\n            \n                           <div class='give-donor-container__image' style='height: 60px; width: 60px;'>\n                             <span class='give-donor-container__image__name_initial'>yc<\/span>\n                           <\/div>\n                                        <div class=\"give-donor-container-variation\"\n                     style=\"\n                            flex-direction: column;\n                            align-items:  center;\n                         \">\n                    \n                    \n                                            <p class=\"give-donor-container-variation__timestamp\">\n                            14 July 2025                        <\/p>\n                                    <\/div>\n                        <div class=\"give-donor-details\">\n                <div class=\"give-donor-details__wrapper\">\n                    <span class='give - donor - details__amount_donated'>Amount Donated<\/span>                <\/div>\n\n                \n                             <span class= 'give-donor-details__total' style='color: #219653'> &euro;5,00 <\/span>\n                                    <\/div>\n        <\/div>\n            <\/div>\n<\/div>\n\n\n<div class=\"give-grid__item\">\n    <div class=\"give-donor give-card\">\n        <div class=\"give-donor-container\">\n            \n                           <div class='give-donor-container__image' style='height: 60px; width: 60px;'>\n                             <span class='give-donor-container__image__name_initial'>bh<\/span>\n                           <\/div>\n                                        <div class=\"give-donor-container-variation\"\n                     style=\"\n                            flex-direction: column;\n                            align-items:  center;\n                         \">\n                    \n                    \n                                            <p class=\"give-donor-container-variation__timestamp\">\n                            11 July 2025                        <\/p>\n                                    <\/div>\n                        <div class=\"give-donor-details\">\n                <div class=\"give-donor-details__wrapper\">\n                    <span class='give - donor - details__amount_donated'>Amount Donated<\/span>                <\/div>\n\n                \n                             <span class= 'give-donor-details__total' style='color: #219653'> &euro;5,00 <\/span>\n                                    <\/div>\n        <\/div>\n            <\/div>\n<\/div>\n\n\n<div class=\"give-grid__item\">\n    <div class=\"give-donor give-card\">\n        <div class=\"give-donor-container\">\n            \n                           <div class='give-donor-container__image' style='height: 60px; width: 60px;'>\n                             <span class='give-donor-container__image__name_initial'>MM<\/span>\n                           <\/div>\n                                        <div class=\"give-donor-container-variation\"\n                     style=\"\n                            flex-direction: column;\n                            align-items:  center;\n                         \">\n                    \n                    \n                                            <p class=\"give-donor-container-variation__timestamp\">\n                            29 January 2024                        <\/p>\n                                    <\/div>\n                        <div class=\"give-donor-details\">\n                <div class=\"give-donor-details__wrapper\">\n                    <span class='give - donor - details__amount_donated'>Amount Donated<\/span>                <\/div>\n\n                \n                             <span class= 'give-donor-details__total' style='color: #219653'> &euro;250,00 <\/span>\n                                    <\/div>\n        <\/div>\n            <\/div>\n<\/div>\n\n\n<div class=\"give-grid__item\">\n    <div class=\"give-donor give-card\">\n        <div class=\"give-donor-container\">\n            \n                           <div class='give-donor-container__image' style='height: 60px; width: 60px;'>\n                             <span class='give-donor-container__image__name_initial'>MM<\/span>\n                           <\/div>\n                                        <div class=\"give-donor-container-variation\"\n                     style=\"\n                            flex-direction: column;\n                            align-items:  center;\n                         \">\n                    \n                    \n                                            <p class=\"give-donor-container-variation__timestamp\">\n                            29 January 2024                        <\/p>\n                                    <\/div>\n                        <div class=\"give-donor-details\">\n                <div class=\"give-donor-details__wrapper\">\n                    <span class='give - donor - details__amount_donated'>Amount Donated<\/span>                <\/div>\n\n                \n                             <span class= 'give-donor-details__total' style='color: #219653'> &euro;100,00 <\/span>\n                                    <\/div>\n        <\/div>\n            <\/div>\n<\/div>\n<\/div><input type=\"hidden\" class=\"give-donor-wall-shortcode-attrs\" data-shortcode=\"donors_per_page%3D12%26form_id%3D0%26paged%3D1%26ids%3D%26cats%3D%26tags%3D%26columns%3Dbest-fit%26anonymous%3D1%26show_avatar%3D1%26show_name%3D0%26show_company_name%3D0%26show_form%3D0%26show_total%3D1%26show_comments%3D1%26show_tributes%3D1%26comment_length%3D140%26only_comments%3D0%26readmore_text%3DRead%2Bmore%26loadmore_text%3DRead%2Bmore%26avatar_size%3D60%26color%3D%2523219653%26orderby%3Dpost_date%26order%3Ddesc%26hide_empty%3D1%26only_donor_html%3D0%26show_time%3D1\" data-nonce=\"04be00a96e\"><\/div><\/div>\t\t<\/div>\n\t\t\t\t<\/div>\n\t\t\t\t\t<\/div>\n\t\t\t\t<\/div>\n\t\t\t\t\t<\/div>\n\t\t\t\t<\/div>\n\t\t\t\t\t\t\t<\/div>\n\t\t","protected":false},"excerpt":{"rendered":"<p>AP\u00d3YANOS Dona hoy y convi\u00e9rtete en parte de nuestra comunidad de amantes del oc\u00e9ano, dedicada a impulsar nuestras iniciativas: desde proyectos de restauraci\u00f3n de corales hasta programas de investigaci\u00f3n, divulgaci\u00f3n y conservaci\u00f3n. Cada donaci\u00f3n que realizas contribuye directamente a nuestra misi\u00f3n de preservar y proteger los arrecifes de coral. bb 13 October 2025 Amount Donated [&hellip;]<\/p>\n","protected":false},"author":1,"featured_media":0,"parent":0,"menu_order":0,"comment_status":"closed","ping_status":"closed","template":"","meta":{"om_disable_all_campaigns":false,"_monsterinsights_skip_tracking":false,"_monsterinsights_sitenote_active":false,"_monsterinsights_sitenote_note":"","_monsterinsights_sitenote_category":0,"footnotes":""},"class_list":["post-1271","page","type-page","status-publish","hentry"],"aioseo_notices":[],"_links":{"self":[{"href":"https:\/\/coralform.org\/index.php\/wp-json\/wp\/v2\/pages\/1271","targetHints":{"allow":["GET"]}}],"collection":[{"href":"https:\/\/coralform.org\/index.php\/wp-json\/wp\/v2\/pages"}],"about":[{"href":"https:\/\/coralform.org\/index.php\/wp-json\/wp\/v2\/types\/page"}],"author":[{"embeddable":true,"href":"https:\/\/coralform.org\/index.php\/wp-json\/wp\/v2\/users\/1"}],"replies":[{"embeddable":true,"href":"https:\/\/coralform.org\/index.php\/wp-json\/wp\/v2\/comments?post=1271"}],"version-history":[{"count":10,"href":"https:\/\/coralform.org\/index.php\/wp-json\/wp\/v2\/pages\/1271\/revisions"}],"predecessor-version":[{"id":1331,"href":"https:\/\/coralform.org\/index.php\/wp-json\/wp\/v2\/pages\/1271\/revisions\/1331"}],"wp:attachment":[{"href":"https:\/\/coralform.org\/index.php\/wp-json\/wp\/v2\/media?parent=1271"}],"curies":[{"name":"wp","href":"https:\/\/api.w.org\/{rel}","templated":true}]}}