{"id":711,"date":"2024-01-23T18:21:36","date_gmt":"2024-01-23T18:21:36","guid":{"rendered":"https:\/\/coralform.org\/?page_id=711"},"modified":"2024-10-14T18:17:38","modified_gmt":"2024-10-14T17:17:38","slug":"elementor-711","status":"publish","type":"page","link":"https:\/\/coralform.org\/index.php\/es\/elementor-711\/","title":{"rendered":"Arrecifes de coral en las Islas Canarias"},"content":{"rendered":"\t\t<div data-elementor-type=\"wp-page\" data-elementor-id=\"711\" class=\"elementor elementor-711\">\n\t\t\t\t\t\t\t<div class=\"elementor-element elementor-element-d45abe1 e-flex e-con-boxed e-con e-parent\" data-id=\"d45abe1\" data-element_type=\"container\" data-settings=\"{&quot;background_background&quot;:&quot;slideshow&quot;,&quot;background_slideshow_gallery&quot;:[{&quot;id&quot;:173,&quot;url&quot;:&quot;http:\\\/\\\/coralform.org\\\/wp-content\\\/uploads\\\/2023\\\/09\\\/IMG_20230907_155452-scaled.jpg&quot;},{&quot;id&quot;:662,&quot;url&quot;:&quot;http:\\\/\\\/coralform.org\\\/wp-content\\\/uploads\\\/2023\\\/09\\\/IMG_20230809_170703-scaled.jpg&quot;},{&quot;id&quot;:407,&quot;url&quot;:&quot;http:\\\/\\\/coralform.org\\\/wp-content\\\/uploads\\\/2023\\\/11\\\/IMG_20230805_132328-scaled.jpg&quot;},{&quot;id&quot;:463,&quot;url&quot;:&quot;http:\\\/\\\/coralform.org\\\/wp-content\\\/uploads\\\/2023\\\/11\\\/GOPR0092-scaled.jpg&quot;},{&quot;id&quot;:701,&quot;url&quot;:&quot;http:\\\/\\\/coralform.org\\\/wp-content\\\/uploads\\\/2024\\\/01\\\/GOPR0132-scaled.jpg&quot;}],&quot;content_width&quot;:&quot;boxed&quot;,&quot;background_slideshow_loop&quot;:&quot;yes&quot;,&quot;background_slideshow_slide_duration&quot;:5000,&quot;background_slideshow_slide_transition&quot;:&quot;fade&quot;,&quot;background_slideshow_transition_duration&quot;:500}\" data-core-v316-plus=\"true\">\n\t\t\t\t\t<div class=\"e-con-inner\">\n\t\t<div class=\"elementor-element elementor-element-47f0510 e-con-full e-flex e-con e-child\" data-id=\"47f0510\" data-element_type=\"container\" data-settings=\"{&quot;content_width&quot;:&quot;full&quot;}\">\n\t\t\t\t<div class=\"elementor-element elementor-element-6954e4e elementor-widget__width-initial elementor-widget-mobile__width-inherit elementor-widget elementor-widget-text-editor\" data-id=\"6954e4e\" data-element_type=\"widget\" data-widget_type=\"text-editor.default\">\n\t\t\t\t<div class=\"elementor-widget-container\">\n\t\t\t<style>\/*! elementor - v3.16.0 - 13-09-2023 *\/\n.elementor-widget-text-editor.elementor-drop-cap-view-stacked .elementor-drop-cap{background-color:#69727d;color:#fff}.elementor-widget-text-editor.elementor-drop-cap-view-framed .elementor-drop-cap{color:#69727d;border:3px solid;background-color:transparent}.elementor-widget-text-editor:not(.elementor-drop-cap-view-default) .elementor-drop-cap{margin-top:8px}.elementor-widget-text-editor:not(.elementor-drop-cap-view-default) .elementor-drop-cap-letter{width:1em;height:1em}.elementor-widget-text-editor .elementor-drop-cap{float:left;text-align:center;line-height:1;font-size:50px}.elementor-widget-text-editor .elementor-drop-cap-letter{display:inline-block}<\/style>\t\t\t\t<p>Las Islas Canarias cuentan con numerosos arrecifes de corales de aguas fr\u00edas.<\/p><p>Existen varios tipos de corales de aguas fr\u00edas, pero todos pertenecen a un grupo de animales llamado Cnidaria. Est\u00e1n estrechamente relacionados con las an\u00e9monas de mar y, al igual que estas, viven fijos en su lugar y se alimentan atrapando presas con sus tent\u00e1culos urticantes. Los corales est\u00e1n compuestos por p\u00f3lipos, cada uno con un anillo de tent\u00e1culos m\u00f3viles alrededor de una boca.&lt;\/p&gt;<br \/>&lt;p&gt;Algunas especies de corales viven como individuos, formando un solo p\u00f3lipo, mientras que otras son coloniales, formando colonias de cientos o miles de p\u00f3lipos. Los corales coloniales construyen esqueletos grandes y complejos, generalmente de carbonato de calcio (caliza). Algunas especies eventualmente pueden producir elaboradas estructuras ramificadas que, con el tiempo, pueden crecer para convertirse en la base de los arrecifes de corales de aguas fr\u00edas.&lt;\/p&gt;<br \/>&lt;p&gt;Los corales constructores de arrecifes son muy importantes en el entorno marino, ya que crean y modifican el h\u00e1bitat circundante, proporcionando muchos m\u00e1s lugares para que otros animales vivan y se oculten. Esto, a su vez, aumenta la abundancia y diversidad de la vida animal en el arrecife, convirtiendo a los arrecifes de corales de aguas fr\u00edas en puntos de biodiversidad en el oc\u00e9ano profundo.<\/p><p>\u00a0<\/p>\t\t\t\t\t\t<\/div>\n\t\t\t\t<\/div>\n\t\t\t\t<\/div>\n\t\t<div class=\"elementor-element elementor-element-67ae360 e-con-full e-flex e-con e-child\" data-id=\"67ae360\" data-element_type=\"container\" data-settings=\"{&quot;content_width&quot;:&quot;full&quot;}\">\n\t\t\t\t<div class=\"elementor-element elementor-element-4cebc1b elementor-widget__width-initial elementor-widget elementor-widget-image\" data-id=\"4cebc1b\" data-element_type=\"widget\" data-widget_type=\"image.default\">\n\t\t\t\t<div class=\"elementor-widget-container\">\n\t\t\t<style>\/*! elementor - v3.16.0 - 13-09-2023 *\/\n.elementor-widget-image{text-align:center}.elementor-widget-image a{display:inline-block}.elementor-widget-image a img[src$=\".svg\"]{width:48px}.elementor-widget-image img{vertical-align:middle;display:inline-block}<\/style>\t\t\t\t\t\t\t\t\t\t\t\t<img loading=\"lazy\" decoding=\"async\" width=\"753\" height=\"1080\" src=\"https:\/\/coralform.org\/wp-content\/uploads\/2024\/10\/Banco-de-la-Concepcion-753x1080.jpg\" class=\"attachment-large size-large wp-image-856\" alt=\"\" srcset=\"https:\/\/coralform.org\/wp-content\/uploads\/2024\/10\/Banco-de-la-Concepcion-753x1080.jpg 753w, https:\/\/coralform.org\/wp-content\/uploads\/2024\/10\/Banco-de-la-Concepcion-209x300.jpg 209w, https:\/\/coralform.org\/wp-content\/uploads\/2024\/10\/Banco-de-la-Concepcion-768x1101.jpg 768w, https:\/\/coralform.org\/wp-content\/uploads\/2024\/10\/Banco-de-la-Concepcion-1071x1536.jpg 1071w, https:\/\/coralform.org\/wp-content\/uploads\/2024\/10\/Banco-de-la-Concepcion-1428x2048.jpg 1428w, https:\/\/coralform.org\/wp-content\/uploads\/2024\/10\/Banco-de-la-Concepcion-scaled.jpg 1786w\" sizes=\"auto, (max-width: 753px) 100vw, 753px\" \/>\t\t\t\t\t\t\t\t\t\t\t\t\t\t\t<\/div>\n\t\t\t\t<\/div>\n\t\t\t\t<\/div>\n\t\t\t\t\t<\/div>\n\t\t\t\t<\/div>\n\t\t\t\t\t\t\t<\/div>\n\t\t","protected":false},"excerpt":{"rendered":"<p>Las Islas Canarias cuentan con numerosos arrecifes de corales de aguas fr\u00edas. Existen varios tipos de corales de aguas fr\u00edas, pero todos pertenecen a un grupo de animales llamado Cnidaria. Est\u00e1n estrechamente relacionados con las an\u00e9monas de mar y, al igual que estas, viven fijos en su lugar y se alimentan atrapando presas con sus [&hellip;]<\/p>\n","protected":false},"author":1,"featured_media":0,"parent":0,"menu_order":0,"comment_status":"closed","ping_status":"closed","template":"","meta":{"om_disable_all_campaigns":false,"_monsterinsights_skip_tracking":false,"_monsterinsights_sitenote_active":false,"_monsterinsights_sitenote_note":"","_monsterinsights_sitenote_category":0,"footnotes":""},"class_list":["post-711","page","type-page","status-publish","hentry"],"aioseo_notices":[],"_links":{"self":[{"href":"https:\/\/coralform.org\/index.php\/wp-json\/wp\/v2\/pages\/711","targetHints":{"allow":["GET"]}}],"collection":[{"href":"https:\/\/coralform.org\/index.php\/wp-json\/wp\/v2\/pages"}],"about":[{"href":"https:\/\/coralform.org\/index.php\/wp-json\/wp\/v2\/types\/page"}],"author":[{"embeddable":true,"href":"https:\/\/coralform.org\/index.php\/wp-json\/wp\/v2\/users\/1"}],"replies":[{"embeddable":true,"href":"https:\/\/coralform.org\/index.php\/wp-json\/wp\/v2\/comments?post=711"}],"version-history":[{"count":17,"href":"https:\/\/coralform.org\/index.php\/wp-json\/wp\/v2\/pages\/711\/revisions"}],"predecessor-version":[{"id":871,"href":"https:\/\/coralform.org\/index.php\/wp-json\/wp\/v2\/pages\/711\/revisions\/871"}],"wp:attachment":[{"href":"https:\/\/coralform.org\/index.php\/wp-json\/wp\/v2\/media?parent=711"}],"curies":[{"name":"wp","href":"https:\/\/api.w.org\/{rel}","templated":true}]}}