{"id":731,"date":"2024-01-23T19:12:30","date_gmt":"2024-01-23T19:12:30","guid":{"rendered":"https:\/\/coralform.org\/?page_id=731"},"modified":"2024-10-14T18:19:47","modified_gmt":"2024-10-14T17:19:47","slug":"korallenriffe-auf-den-kanarischen-inseln","status":"publish","type":"page","link":"https:\/\/coralform.org\/index.php\/de\/korallenriffe-auf-den-kanarischen-inseln\/","title":{"rendered":"Korallenriffe auf den Kanarischen Inseln."},"content":{"rendered":"\t\t<div data-elementor-type=\"wp-page\" data-elementor-id=\"731\" class=\"elementor elementor-731\">\n\t\t\t\t\t\t\t<div class=\"elementor-element elementor-element-14fc898 e-flex e-con-boxed e-con e-parent\" data-id=\"14fc898\" data-element_type=\"container\" data-settings=\"{&quot;background_background&quot;:&quot;slideshow&quot;,&quot;background_slideshow_gallery&quot;:[{&quot;id&quot;:692,&quot;url&quot;:&quot;http:\\\/\\\/coralform.org\\\/wp-content\\\/uploads\\\/2023\\\/11\\\/GOPR0092-scaled.jpg&quot;},{&quot;id&quot;:702,&quot;url&quot;:&quot;http:\\\/\\\/coralform.org\\\/wp-content\\\/uploads\\\/2024\\\/01\\\/GOPR0132-scaled.jpg&quot;},{&quot;id&quot;:685,&quot;url&quot;:&quot;http:\\\/\\\/coralform.org\\\/wp-content\\\/uploads\\\/2023\\\/11\\\/IMG_20230805_132328-scaled.jpg&quot;},{&quot;id&quot;:664,&quot;url&quot;:&quot;http:\\\/\\\/coralform.org\\\/wp-content\\\/uploads\\\/2023\\\/09\\\/IMG_20230907_155452-scaled.jpg&quot;},{&quot;id&quot;:660,&quot;url&quot;:&quot;http:\\\/\\\/coralform.org\\\/wp-content\\\/uploads\\\/2023\\\/09\\\/IMG_20230809_172705-scaled.jpg&quot;},{&quot;id&quot;:172,&quot;url&quot;:&quot;http:\\\/\\\/coralform.org\\\/wp-content\\\/uploads\\\/2023\\\/09\\\/IMG_20230809_170703-scaled.jpg&quot;}],&quot;content_width&quot;:&quot;boxed&quot;,&quot;background_slideshow_loop&quot;:&quot;yes&quot;,&quot;background_slideshow_slide_duration&quot;:5000,&quot;background_slideshow_slide_transition&quot;:&quot;fade&quot;,&quot;background_slideshow_transition_duration&quot;:500}\" data-core-v316-plus=\"true\">\n\t\t\t\t\t<div class=\"e-con-inner\">\n\t\t<div class=\"elementor-element elementor-element-b30059e e-con-full e-flex e-con e-child\" data-id=\"b30059e\" data-element_type=\"container\" data-settings=\"{&quot;content_width&quot;:&quot;full&quot;}\">\n\t\t\t\t<div class=\"elementor-element elementor-element-6954e4e elementor-widget__width-initial elementor-widget-mobile__width-inherit elementor-widget elementor-widget-text-editor\" data-id=\"6954e4e\" data-element_type=\"widget\" data-widget_type=\"text-editor.default\">\n\t\t\t\t<div class=\"elementor-widget-container\">\n\t\t\t<style>\/*! elementor - v3.16.0 - 13-09-2023 *\/\n.elementor-widget-text-editor.elementor-drop-cap-view-stacked .elementor-drop-cap{background-color:#69727d;color:#fff}.elementor-widget-text-editor.elementor-drop-cap-view-framed .elementor-drop-cap{color:#69727d;border:3px solid;background-color:transparent}.elementor-widget-text-editor:not(.elementor-drop-cap-view-default) .elementor-drop-cap{margin-top:8px}.elementor-widget-text-editor:not(.elementor-drop-cap-view-default) .elementor-drop-cap-letter{width:1em;height:1em}.elementor-widget-text-editor .elementor-drop-cap{float:left;text-align:center;line-height:1;font-size:50px}.elementor-widget-text-editor .elementor-drop-cap-letter{display:inline-block}<\/style>\t\t\t\t<p>Die Kanarischen Inseln verf\u00fcgen \u00fcber viele Kaltwasserkorallenriffe. Es gibt verschiedene Arten von Kaltwasserkorallen, aber sie alle geh\u00f6ren zu einer Gruppe von Tieren, die als Cnidaria bekannt sind. Sie sind eng mit Seeanemonen verwandt und leben, wie Seeanemonen, fest an ihrem Platz und ern\u00e4hren sich, indem sie Beute mit ihren stechenden Tentakeln fangen. Korallen bestehen aus Polypen, von denen jeder einen Ring beweglicher Tentakel um einen Mund hat.<\/p><p>Einige Korallenarten leben als Individuen und bilden einen einzelnen Polypen, w\u00e4hrend andere kolonial sind und Kolonien von vielen hundert oder tausend Polypen bilden. Koloniale Korallen bauen gro\u00dfe, komplexe Skelette, normalerweise aus Calciumcarbonat (Kalkstein). Einige Arten k\u00f6nnen im Laufe der Zeit aufwendige verzweigte Ger\u00fcste produzieren, die zu der Grundlage von Kaltwasserkorallenriffen heranwachsen k\u00f6nnen.<\/p><p>Riffbauende Korallen sind im marinen Umfeld sehr wichtig, da sie das umgebende Habitat schaffen und ver\u00e4ndern, viele weitere Pl\u00e4tze f\u00fcr andere Tiere zum Leben und Verstecken bieten. Dies erh\u00f6ht wiederum die F\u00fclle und Vielfalt des Tierlebens im Riff und macht Kaltwasserkorallenriffe zu Hotspots der Biodiversit\u00e4t in der Tiefsee.<\/p>\t\t\t\t\t\t<\/div>\n\t\t\t\t<\/div>\n\t\t\t\t<\/div>\n\t\t<div class=\"elementor-element elementor-element-618bb9c e-con-full e-flex e-con e-child\" data-id=\"618bb9c\" data-element_type=\"container\" data-settings=\"{&quot;content_width&quot;:&quot;full&quot;}\">\n\t\t\t\t<div class=\"elementor-element elementor-element-3a4bda4 elementor-widget elementor-widget-image\" data-id=\"3a4bda4\" data-element_type=\"widget\" data-widget_type=\"image.default\">\n\t\t\t\t<div class=\"elementor-widget-container\">\n\t\t\t<style>\/*! elementor - v3.16.0 - 13-09-2023 *\/\n.elementor-widget-image{text-align:center}.elementor-widget-image a{display:inline-block}.elementor-widget-image a img[src$=\".svg\"]{width:48px}.elementor-widget-image img{vertical-align:middle;display:inline-block}<\/style>\t\t\t\t\t\t\t\t\t\t\t\t<img loading=\"lazy\" decoding=\"async\" width=\"753\" height=\"1080\" src=\"https:\/\/coralform.org\/wp-content\/uploads\/2024\/10\/Banco-de-la-Concepcion-753x1080.jpg\" class=\"attachment-large size-large wp-image-856\" alt=\"\" srcset=\"https:\/\/coralform.org\/wp-content\/uploads\/2024\/10\/Banco-de-la-Concepcion-753x1080.jpg 753w, https:\/\/coralform.org\/wp-content\/uploads\/2024\/10\/Banco-de-la-Concepcion-209x300.jpg 209w, https:\/\/coralform.org\/wp-content\/uploads\/2024\/10\/Banco-de-la-Concepcion-768x1101.jpg 768w, https:\/\/coralform.org\/wp-content\/uploads\/2024\/10\/Banco-de-la-Concepcion-1071x1536.jpg 1071w, https:\/\/coralform.org\/wp-content\/uploads\/2024\/10\/Banco-de-la-Concepcion-1428x2048.jpg 1428w, https:\/\/coralform.org\/wp-content\/uploads\/2024\/10\/Banco-de-la-Concepcion-scaled.jpg 1786w\" sizes=\"auto, (max-width: 753px) 100vw, 753px\" \/>\t\t\t\t\t\t\t\t\t\t\t\t\t\t\t<\/div>\n\t\t\t\t<\/div>\n\t\t\t\t<\/div>\n\t\t\t\t\t<\/div>\n\t\t\t\t<\/div>\n\t\t\t\t\t\t\t<\/div>\n\t\t","protected":false},"excerpt":{"rendered":"<p>Die Kanarischen Inseln verf\u00fcgen \u00fcber viele Kaltwasserkorallenriffe. Es gibt verschiedene Arten von Kaltwasserkorallen, aber sie alle geh\u00f6ren zu einer Gruppe von Tieren, die als Cnidaria bekannt sind. Sie sind eng mit Seeanemonen verwandt und leben, wie Seeanemonen, fest an ihrem Platz und ern\u00e4hren sich, indem sie Beute mit ihren stechenden Tentakeln fangen. Korallen bestehen aus [&hellip;]<\/p>\n","protected":false},"author":1,"featured_media":0,"parent":0,"menu_order":0,"comment_status":"closed","ping_status":"closed","template":"","meta":{"om_disable_all_campaigns":false,"_monsterinsights_skip_tracking":false,"_monsterinsights_sitenote_active":false,"_monsterinsights_sitenote_note":"","_monsterinsights_sitenote_category":0,"footnotes":""},"class_list":["post-731","page","type-page","status-publish","hentry"],"aioseo_notices":[],"_links":{"self":[{"href":"https:\/\/coralform.org\/index.php\/wp-json\/wp\/v2\/pages\/731","targetHints":{"allow":["GET"]}}],"collection":[{"href":"https:\/\/coralform.org\/index.php\/wp-json\/wp\/v2\/pages"}],"about":[{"href":"https:\/\/coralform.org\/index.php\/wp-json\/wp\/v2\/types\/page"}],"author":[{"embeddable":true,"href":"https:\/\/coralform.org\/index.php\/wp-json\/wp\/v2\/users\/1"}],"replies":[{"embeddable":true,"href":"https:\/\/coralform.org\/index.php\/wp-json\/wp\/v2\/comments?post=731"}],"version-history":[{"count":7,"href":"https:\/\/coralform.org\/index.php\/wp-json\/wp\/v2\/pages\/731\/revisions"}],"predecessor-version":[{"id":874,"href":"https:\/\/coralform.org\/index.php\/wp-json\/wp\/v2\/pages\/731\/revisions\/874"}],"wp:attachment":[{"href":"https:\/\/coralform.org\/index.php\/wp-json\/wp\/v2\/media?parent=731"}],"curies":[{"name":"wp","href":"https:\/\/api.w.org\/{rel}","templated":true}]}}