{"id":892,"date":"2024-10-18T18:23:08","date_gmt":"2024-10-18T17:23:08","guid":{"rendered":"https:\/\/coralform.org\/?page_id=892"},"modified":"2025-01-07T11:36:23","modified_gmt":"2025-01-07T11:36:23","slug":"3d-scanning","status":"publish","type":"page","link":"https:\/\/coralform.org\/index.php\/de\/3d-scanning\/","title":{"rendered":"3D-Scanning"},"content":{"rendered":"\t\t<div data-elementor-type=\"wp-page\" data-elementor-id=\"892\" class=\"elementor elementor-892\">\n\t\t\t\t\t\t\t<div class=\"elementor-element elementor-element-487da37 e-flex e-con-boxed e-con e-parent\" data-id=\"487da37\" data-element_type=\"container\" data-settings=\"{&quot;background_background&quot;:&quot;classic&quot;,&quot;content_width&quot;:&quot;boxed&quot;}\" data-core-v316-plus=\"true\">\n\t\t\t\t\t<div class=\"e-con-inner\">\n\t\t\t\t<div class=\"elementor-element elementor-element-31f59fb elementor-widget elementor-widget-heading\" data-id=\"31f59fb\" data-element_type=\"widget\" data-widget_type=\"heading.default\">\n\t\t\t\t<div class=\"elementor-widget-container\">\n\t\t\t<style>\/*! elementor - v3.16.0 - 13-09-2023 *\/\n.elementor-heading-title{padding:0;margin:0;line-height:1}.elementor-widget-heading .elementor-heading-title[class*=elementor-size-]>a{color:inherit;font-size:inherit;line-height:inherit}.elementor-widget-heading .elementor-heading-title.elementor-size-small{font-size:15px}.elementor-widget-heading .elementor-heading-title.elementor-size-medium{font-size:19px}.elementor-widget-heading .elementor-heading-title.elementor-size-large{font-size:29px}.elementor-widget-heading .elementor-heading-title.elementor-size-xl{font-size:39px}.elementor-widget-heading .elementor-heading-title.elementor-size-xxl{font-size:59px}<\/style><h2 class=\"elementor-heading-title elementor-size-default\">3D-Scanning des Meeresbodens<\/h2>\t\t<\/div>\n\t\t\t\t<\/div>\n\t\t\t\t<div class=\"elementor-element elementor-element-e8de1f5 elementor-widget elementor-widget-text-editor\" data-id=\"e8de1f5\" data-element_type=\"widget\" data-widget_type=\"text-editor.default\">\n\t\t\t\t<div class=\"elementor-widget-container\">\n\t\t\t<style>\/*! elementor - v3.16.0 - 13-09-2023 *\/\n.elementor-widget-text-editor.elementor-drop-cap-view-stacked .elementor-drop-cap{background-color:#69727d;color:#fff}.elementor-widget-text-editor.elementor-drop-cap-view-framed .elementor-drop-cap{color:#69727d;border:3px solid;background-color:transparent}.elementor-widget-text-editor:not(.elementor-drop-cap-view-default) .elementor-drop-cap{margin-top:8px}.elementor-widget-text-editor:not(.elementor-drop-cap-view-default) .elementor-drop-cap-letter{width:1em;height:1em}.elementor-widget-text-editor .elementor-drop-cap{float:left;text-align:center;line-height:1;font-size:50px}.elementor-widget-text-editor .elementor-drop-cap-letter{display:inline-block}<\/style>\t\t\t\t<p>Das 3D-Scanning des Meeresbodens ist eine Technologie zur Erstellung detaillierter, hochaufl\u00f6sender Karten des Meeresbodens. Es wird weit verbreitet in der Meeresforschung, Navigation, Arch\u00e4ologie und im Umweltschutz eingesetzt. Hier ist eine \u00dcbersicht, wie es funktioniert und wof\u00fcr es verwendet wird:<\/p><h3>Schl\u00fcsseltechnologien beim 3D-Scanning des Meeresbodens:<\/h3><ol><li><p><strong>Mehrstrahl-Echolote (MBES):<\/strong><\/p><ul><li>Dies ist die g\u00e4ngigste Technologie zur Kartierung des Meeresbodens. MBES sendet mehrere Schallwellen (oder Strahlen) f\u00e4cherf\u00f6rmig aus, die vom Meeresboden zur\u00fcckgeworfen werden. Durch die Messung der Zeit, die diese Strahlen zum Zur\u00fcckkehren ben\u00f6tigen, kann das System ein detailliertes Bild des Unterwasserterrains erstellen.<\/li><li>Liefert hochaufl\u00f6sende bathymetrische Daten und wird f\u00fcr gro\u00dffl\u00e4chige Meeresboden-Kartierungsprojekte eingesetzt.<\/li><\/ul><\/li><li><p><strong>Seitensichtsonar:<\/strong><\/p><ul><li>Dieses System verwendet Sonartechnologie, um Bilder des Meeresbodens zu erzeugen, indem es Schallwellen in einem Winkel zum Boden sendet und die Echos empf\u00e4ngt. Es ist effektiv bei der Identifizierung von Objekten, Texturen und Merkmalen auf dem Meeresboden.<\/li><li>Das Seitensichtsonar wird h\u00e4ufig zur Lokalisierung von Schiffswracks, Rohrleitungen und anderen Unterwasserstrukturen verwendet.<\/li><\/ul><\/li><li><p><strong>LiDAR (Light Detection and Ranging):<\/strong><\/p><ul><li>In flachen K\u00fcstengew\u00e4ssern kann LiDAR aus der Luft verwendet werden, um 3D-Karten des Meeresbodens zu erstellen. LiDAR sendet Laserpulse aus, um die Entfernung zwischen dem Sensor und dem Boden zu messen und detaillierte topografische Karten zu erstellen.<\/li><li>N\u00fctzlich f\u00fcr Untersuchungen in flachem Wasser, wo traditionelle Sonarsysteme Schwierigkeiten haben k\u00f6nnten.<\/li><\/ul><\/li><li><p><strong>Autonome Unterwasserfahrzeuge (AUVs) und ferngesteuerte Fahrzeuge (ROVs):<\/strong><\/p><ul><li>Diese Fahrzeuge sind mit fortschrittlichen Sonaren und Kameras ausgestattet und k\u00f6nnen detaillierte 3D-Scans des Meeresbodens durchf\u00fchren. AUVs operieren eigenst\u00e4ndig, folgen einem vordefinierten Kurs, w\u00e4hrend ROVs ferngesteuert werden.<\/li><li>Sie k\u00f6nnen schwer zug\u00e4ngliche Bereiche erreichen und Echtzeitdaten liefern.<\/li><\/ul><\/li><li><p><strong>Photogrammetrie:<\/strong><\/p><ul><li>Eine Technik, bei der mehrere Fotos des Meeresbodens aus verschiedenen Winkeln aufgenommen werden, die dann zu einem 3D-Modell zusammengef\u00fcgt werden. Dies wird h\u00e4ufig zusammen mit ROVs oder Tauchern verwendet, um Unterwasserstrukturen und \u00d6kosysteme, wie Korallenriffe oder Schiffswracks, detailliert zu dokumentieren.<\/li><\/ul><\/li><\/ol>\t\t\t\t\t\t<\/div>\n\t\t\t\t<\/div>\n\t\t\t\t<div class=\"elementor-element elementor-element-0bb4192 elementor-widget elementor-widget-html\" data-id=\"0bb4192\" data-element_type=\"widget\" data-widget_type=\"html.default\">\n\t\t\t\t<div class=\"elementor-widget-container\">\n\t\t\t<div class=\"sketchfab-embed-wrapper\"> <iframe title=\"Coral 3D mapping\" frameborder=\"0\" allowfullscreen mozallowfullscreen=\"true\" webkitallowfullscreen=\"true\" allow=\"autoplay; fullscreen; xr-spatial-tracking\" xr-spatial-tracking execution-while-out-of-viewport execution-while-not-rendered web-share src=\"https:\/\/sketchfab.com\/models\/78cb00670f1d4a968af1de534915fecc\/embed\"> <\/iframe> <p style=\"font-size: 13px; font-weight: normal; margin: 5px; color: #4A4A4A;\"> <a href=\"https:\/\/sketchfab.com\/3d-models\/coral-3d-mapping-78cb00670f1d4a968af1de534915fecc?utm_medium=embed&utm_campaign=share-popup&utm_content=78cb00670f1d4a968af1de534915fecc\" target=\"_blank\" rel=\"nofollow\" style=\"font-weight: bold; color: #1CAAD9;\"> Coral 3D mapping <\/a> by <a href=\"https:\/\/sketchfab.com\/coralform?utm_medium=embed&utm_campaign=share-popup&utm_content=78cb00670f1d4a968af1de534915fecc\" target=\"_blank\" rel=\"nofollow\" style=\"font-weight: bold; color: #1CAAD9;\"> coralform <\/a> on <a href=\"https:\/\/sketchfab.com?utm_medium=embed&utm_campaign=share-popup&utm_content=78cb00670f1d4a968af1de534915fecc\" target=\"_blank\" rel=\"nofollow\" style=\"font-weight: bold; color: #1CAAD9;\">Sketchfab<\/a><\/p><\/div>\t\t<\/div>\n\t\t\t\t<\/div>\n\t\t\t\t<div class=\"elementor-element elementor-element-556c7fc elementor-widget elementor-widget-video\" data-id=\"556c7fc\" data-element_type=\"widget\" data-settings=\"{&quot;youtube_url&quot;:&quot;https:\\\/\\\/www.youtube.com\\\/watch?v=nEFtr9suShU&quot;,&quot;autoplay&quot;:&quot;yes&quot;,&quot;loop&quot;:&quot;yes&quot;,&quot;video_type&quot;:&quot;youtube&quot;,&quot;controls&quot;:&quot;yes&quot;}\" data-widget_type=\"video.default\">\n\t\t\t\t<div class=\"elementor-widget-container\">\n\t\t\t<style>\/*! elementor - v3.16.0 - 13-09-2023 *\/\n.elementor-widget-video .elementor-widget-container{overflow:hidden;transform:translateZ(0)}.elementor-widget-video .elementor-wrapper{aspect-ratio:var(--video-aspect-ratio)}.elementor-widget-video .elementor-wrapper iframe,.elementor-widget-video .elementor-wrapper video{height:100%;width:100%;display:flex;border:none;background-color:#000}@supports not (aspect-ratio:1\/1){.elementor-widget-video .elementor-wrapper{position:relative;overflow:hidden;height:0;padding-bottom:calc(100% \/ var(--video-aspect-ratio))}.elementor-widget-video .elementor-wrapper iframe,.elementor-widget-video .elementor-wrapper video{position:absolute;top:0;right:0;bottom:0;left:0}}.elementor-widget-video .elementor-open-inline .elementor-custom-embed-image-overlay{position:absolute;top:0;right:0;bottom:0;left:0;background-size:cover;background-position:50%}.elementor-widget-video .elementor-custom-embed-image-overlay{cursor:pointer;text-align:center}.elementor-widget-video .elementor-custom-embed-image-overlay:hover .elementor-custom-embed-play i{opacity:1}.elementor-widget-video .elementor-custom-embed-image-overlay img{display:block;width:100%;aspect-ratio:var(--video-aspect-ratio);-o-object-fit:cover;object-fit:cover;-o-object-position:center center;object-position:center center}@supports not (aspect-ratio:1\/1){.elementor-widget-video .elementor-custom-embed-image-overlay{position:relative;overflow:hidden;height:0;padding-bottom:calc(100% \/ var(--video-aspect-ratio))}.elementor-widget-video .elementor-custom-embed-image-overlay img{position:absolute;top:0;right:0;bottom:0;left:0}}.elementor-widget-video .e-hosted-video .elementor-video{-o-object-fit:cover;object-fit:cover}.e-con-inner>.elementor-widget-video,.e-con>.elementor-widget-video{width:var(--container-widget-width);--flex-grow:var(--container-widget-flex-grow)}<\/style>\t\t<div class=\"elementor-wrapper elementor-open-inline\">\n\t\t\t<div class=\"elementor-video\"><\/div>\t\t<\/div>\n\t\t\t\t<\/div>\n\t\t\t\t<\/div>\n\t\t\t\t<div class=\"elementor-element elementor-element-9dd9771 elementor-widget elementor-widget-text-editor\" data-id=\"9dd9771\" data-element_type=\"widget\" data-widget_type=\"text-editor.default\">\n\t\t\t\t<div class=\"elementor-widget-container\">\n\t\t\t\t\t\t\t<h3>Anwendungen des 3D-Scanning des Meeresbodens:<\/h3><ol><li><p><strong>Meeresbiologie und Umweltschutz:<\/strong><\/p><ul><li>3D-Kartierung hilft Wissenschaftlern, Korallenriffe, Unterwasserlebensr\u00e4ume und \u00d6kosysteme zu \u00fcberwachen. Es wird auch bei Naturschutzbem\u00fchungen eingesetzt, um Umweltsch\u00e4den zu bewerten und Restaurierungsprojekte zu planen.<\/li><\/ul><\/li><li><p><strong>Unterwasserarch\u00e4ologie:<\/strong><\/p><ul><li>Detaillierte Scans werden verwendet, um Schiffswracks, versunkene St\u00e4dte und andere historische Artefakte zu lokalisieren und zu untersuchen, ohne die St\u00e4tten zu st\u00f6ren.<\/li><\/ul><\/li><li><p><strong>K\u00fcsteningenieurwesen und Habitat\u00fcberwachung:<\/strong><\/p><ul><li>Wird verwendet, um Ver\u00e4nderungen des Meeresbodens in K\u00fcstengebieten zu bewerten, Erosion zu verfolgen und Lebensr\u00e4ume zu \u00fcberwachen, um nachhaltige Entwicklungen sicherzustellen und \u00d6kosysteme zu sch\u00fctzen.<\/li><\/ul><\/li><li><p><strong>\u00d6l- und Gasexploration:<\/strong><\/p><ul><li>Pr\u00e4zise Meeresbodenkarten helfen \u00d6l- und Gasunternehmen, geeignete Bohrstandorte zu finden und die Stabilit\u00e4t von Unterwasserinfrastrukturen, wie Rohrleitungen, zu gew\u00e4hrleisten.<\/li><\/ul><\/li><li><p><strong>Navigation und Sicherheit:<\/strong><\/p><ul><li>Detaillierte Meeresboden-Karten sind entscheidend f\u00fcr die Gew\u00e4hrleistung der sicheren Schifffahrt, zur Vermeidung von Gefahren und zur Planung von Unterwasserkabelrouten.<\/li><\/ul><\/li><li><p><strong>Fischereimanagement:<\/strong><\/p><ul><li>Die 3D-Kartierung des Meeresbodens hilft bei der Verwaltung von Fischereigebieten, der Verfolgung von Ver\u00e4nderungen in den marinen Lebensr\u00e4umen und der Unterst\u00fctzung nachhaltiger Fischereipraktiken.<\/li><\/ul><\/li><li><p><strong>Marine Erneuerbare Energien:<\/strong><\/p><ul><li>Wird verwendet, um optimale Standorte f\u00fcr Offshore-Windparks und andere erneuerbare Energieanlagen auszuw\u00e4hlen und sicherzustellen, dass der Umwelteinfluss minimiert wird.<\/li><\/ul><\/li><\/ol>\t\t\t\t\t\t<\/div>\n\t\t\t\t<\/div>\n\t\t\t\t<div class=\"elementor-element elementor-element-0509dbc elementor-widget elementor-widget-video\" data-id=\"0509dbc\" data-element_type=\"widget\" data-settings=\"{&quot;youtube_url&quot;:&quot;https:\\\/\\\/www.youtube.com\\\/watch?v=MMYvtqid8XU&amp;t=4s&quot;,&quot;video_type&quot;:&quot;youtube&quot;,&quot;controls&quot;:&quot;yes&quot;}\" data-widget_type=\"video.default\">\n\t\t\t\t<div class=\"elementor-widget-container\">\n\t\t\t\t\t<div class=\"elementor-wrapper elementor-open-inline\">\n\t\t\t<div class=\"elementor-video\"><\/div>\t\t<\/div>\n\t\t\t\t<\/div>\n\t\t\t\t<\/div>\n\t\t\t\t<div class=\"elementor-element elementor-element-e2916b9 elementor-widget elementor-widget-text-editor\" data-id=\"e2916b9\" data-element_type=\"widget\" data-widget_type=\"text-editor.default\">\n\t\t\t\t<div class=\"elementor-widget-container\">\n\t\t\t\t\t\t\t<h3>Zuk\u00fcnftige Entwicklungen:<\/h3><ul><li>Fortschritte in der Technologie autonomer Fahrzeuge, maschinellem Lernen und k\u00fcnstlicher Intelligenz (KI<\/li><\/ul>\t\t\t\t\t\t<\/div>\n\t\t\t\t<\/div>\n\t\t\t\t\t<\/div>\n\t\t\t\t<\/div>\n\t\t\t\t\t\t\t<\/div>\n\t\t","protected":false},"excerpt":{"rendered":"<p>3D-Scanning des Meeresbodens Das 3D-Scanning des Meeresbodens ist eine Technologie zur Erstellung detaillierter, hochaufl\u00f6sender Karten des Meeresbodens. Es wird weit verbreitet in der Meeresforschung, Navigation, Arch\u00e4ologie und im Umweltschutz eingesetzt. Hier ist eine \u00dcbersicht, wie es funktioniert und wof\u00fcr es verwendet wird: Schl\u00fcsseltechnologien beim 3D-Scanning des Meeresbodens: Mehrstrahl-Echolote (MBES): Dies ist die g\u00e4ngigste Technologie zur [&hellip;]<\/p>\n","protected":false},"author":1,"featured_media":0,"parent":0,"menu_order":0,"comment_status":"closed","ping_status":"closed","template":"","meta":{"om_disable_all_campaigns":false,"_monsterinsights_skip_tracking":false,"_monsterinsights_sitenote_active":false,"_monsterinsights_sitenote_note":"","_monsterinsights_sitenote_category":0,"footnotes":""},"class_list":["post-892","page","type-page","status-publish","hentry"],"aioseo_notices":[],"_links":{"self":[{"href":"https:\/\/coralform.org\/index.php\/wp-json\/wp\/v2\/pages\/892","targetHints":{"allow":["GET"]}}],"collection":[{"href":"https:\/\/coralform.org\/index.php\/wp-json\/wp\/v2\/pages"}],"about":[{"href":"https:\/\/coralform.org\/index.php\/wp-json\/wp\/v2\/types\/page"}],"author":[{"embeddable":true,"href":"https:\/\/coralform.org\/index.php\/wp-json\/wp\/v2\/users\/1"}],"replies":[{"embeddable":true,"href":"https:\/\/coralform.org\/index.php\/wp-json\/wp\/v2\/comments?post=892"}],"version-history":[{"count":8,"href":"https:\/\/coralform.org\/index.php\/wp-json\/wp\/v2\/pages\/892\/revisions"}],"predecessor-version":[{"id":1191,"href":"https:\/\/coralform.org\/index.php\/wp-json\/wp\/v2\/pages\/892\/revisions\/1191"}],"wp:attachment":[{"href":"https:\/\/coralform.org\/index.php\/wp-json\/wp\/v2\/media?parent=892"}],"curies":[{"name":"wp","href":"https:\/\/api.w.org\/{rel}","templated":true}]}}